{"id":5,"date":"2021-03-07T13:32:19","date_gmt":"2021-03-07T12:32:19","guid":{"rendered":"http:\/\/resetbelgium.com\/?page_id=5"},"modified":"2021-03-09T10:35:49","modified_gmt":"2021-03-09T09:35:49","slug":"accueil","status":"publish","type":"page","link":"https:\/\/resetbelgium.com\/","title":{"rendered":"Manifeste #ResetBelgium"},"content":{"rendered":"\n<p><strong>Pr\u00e9ambule<\/strong><\/p>\n\n\n\n<p>La gestion de la pand\u00e9mie en Belgique est une telle catastrophe que personne ne peut rester indiff\u00e9rent. Cet immense \u00e9chec est d\u00fb \u00e0 un appareil \u00e9tatique d\u00e9faillant, incapable de remplir correctement son r\u00f4le quel que soit le niveau de pouvoir.&nbsp;<\/p>\n\n\n\n<p class=\"has-text-align-center\"><strong><span class=\"has-inline-color has-vivid-red-color\">Signez le manifeste ici : <a rel=\"noreferrer noopener\" href=\"https:\/\/www.change.org\/resetbelgium\" target=\"_blank\">https:\/\/www.change.org\/resetbelgium<\/a><\/span><\/strong><\/p>\n\n\n\n<p><strong>#ResetBelgium<\/strong><\/p>\n\n\n\n<p>#ResetBelgium est un mouvement apolitique et ouvert qui rassemble des citoyens inquiets face \u00e0 cet \u00e9chec patent.&nbsp;<\/p>\n\n\n\n<p>Comment en sommes-nous arriv\u00e9s l\u00e0 ? En cinquante ans, plus de six r\u00e9formes de l\u2019\u00c9tat nous ont conduits, couche apr\u00e8s couche, \u00e0 un patchwork d\u2019institutions devenu totalement dysfonctionnel et ruineux. Cette lasagne institutionnelle est devenue si complexe que plus personne ne s\u2019y retrouve. La crise du Covid aura \u00e9t\u00e9 le r\u00e9v\u00e9lateur de ce que nous ressentions d\u00e9j\u00e0 tous intuitivement: notre d\u00e9mocratie, notre \u00c9tat souverain, ne sont plus en mesure de nous prot\u00e9ger.<\/p>\n\n\n\n<p>La tentation de chercher des boucs \u00e9missaires est une faiblesse humaine. Devant l\u2019\u00e9chec, il est rassurant de pouvoir d\u00e9signer des responsables. Et les hommes et femmes politiques sont en g\u00e9n\u00e9ral des cibles convenues. Mais en r\u00e9alit\u00e9, le vrai responsable de la confusion et des dysfonctionnements actuels&nbsp; est le syst\u00e8me que nous avons collectivement laiss\u00e9 mettre en place.&nbsp;<\/p>\n\n\n\n<p>Si nous voulons des r\u00e9sultats durables, il faut donc nous attaquer \u00e0 ce syst\u00e8me, et non aux individus qui le dirigent.<\/p>\n\n\n\n<p class=\"has-text-align-center\"><strong><span class=\"has-inline-color has-vivid-red-color\">Signez le manifeste ici : <a href=\"https:\/\/www.change.org\/resetbelgium\" target=\"_blank\" rel=\"noreferrer noopener\">https:\/\/www.change.org\/resetbelgium<\/a><\/span><\/strong><\/p>\n\n\n\n<p><strong>Les fondations d\u2019une nouvelle Belgique<\/strong><\/p>\n\n\n\n<p>R\u00e9former la gouvernance de notre pays ne se fera pas en ajoutant de nouvelles couches de complexit\u00e9 et d\u2019\u00e9quilibres politiques pr\u00e9caires. Nous devons repartir d\u2019une page blanche, r\u00e9initialiser ce pays &#8211; en anglais, faire un \u00ab reset \u00bb. D\u2019o\u00f9 le nom #ResetBelgium.&nbsp;<\/p>\n\n\n\n<p>Comment les 11,5 millions d\u2019habitants d\u2019un pays de 30600 km\u00b2 doivent-ils s\u2019organiser pour vivre ensemble et assurer la prosp\u00e9rit\u00e9 et le bonheur du plus grand nombre possible?<\/p>\n\n\n\n<p>Nous n\u2019avons pas la pr\u00e9tention d\u2019apporter seuls une r\u00e9ponse. Mais nous voulons poser un certain nombre de principes qui permettront de progresser vers cet objectif.&nbsp;<\/p>\n\n\n\n<p class=\"has-text-align-center\"><strong><span class=\"has-inline-color has-vivid-red-color\">Signez le manifeste ici : <a href=\"https:\/\/www.change.org\/resetbelgium\" target=\"_blank\" rel=\"noreferrer noopener\">https:\/\/www.change.org\/resetbelgium<\/a><\/span><\/strong><\/p>\n\n\n\n<p><strong>1. Impl\u00e9menter le principe de subsidiarit\u00e9<\/strong><\/p>\n\n\n\n<p>La responsabilit\u00e9 d&#8217;une action publique, lorsqu&#8217;elle est n\u00e9cessaire, doit revenir \u00e0 l&#8217;entit\u00e9 comp\u00e9tente la plus proche de ceux qui sont directement concern\u00e9s par cette action. L\u2019autorit\u00e9 centrale ne peut effectuer que les t\u00e2ches qui ne peuvent pas \u00eatre r\u00e9alis\u00e9es \u00e0 l\u2019\u00e9chelon inf\u00e9rieur.<\/p>\n\n\n\n<p class=\"has-text-align-center\"><strong><span class=\"has-inline-color has-vivid-red-color\">Signez le manifeste ici : <a href=\"https:\/\/www.change.org\/resetbelgium\" target=\"_blank\" rel=\"noreferrer noopener\">https:\/\/www.change.org\/resetbelgium<\/a><\/span><\/strong><\/p>\n\n\n\n<p><strong>2. Rendre l\u2019organisation de l\u2019Etat lisible et chaque niveau de pouvoir responsable<\/strong><\/p>\n\n\n\n<p>La r\u00e9partition des comp\u00e9tences entre diff\u00e9rents niveaux de pouvoir est trop peu lisible et les responsabilit\u00e9s sont dilu\u00e9es. Il faut adapter les niveaux de pouvoirs, quitte \u00e0 en supprimer, de mani\u00e8re \u00e0 clarifier la r\u00e9partition des comp\u00e9tences et \u00e0 rendre chaque niveau \u00e0 la fois autonome et responsable.<\/p>\n\n\n\n<p>La nouvelle gouvernance devra \u00e9galement pr\u00e9voir un m\u00e9canisme adapt\u00e9 aux situations d\u2019urgence, afin d\u2019assurer une coordination efficace de l\u2019action des diff\u00e9rents niveaux de pouvoir pour g\u00e9rer la crise avec rapidit\u00e9 et efficacit\u00e9.&nbsp;<\/p>\n\n\n\n<p class=\"has-text-align-center\"><strong><span class=\"has-inline-color has-vivid-red-color\">Signez le manifeste ici : <a href=\"https:\/\/www.change.org\/resetbelgium\" target=\"_blank\" rel=\"noreferrer noopener\">https:\/\/www.change.org\/resetbelgium<\/a><\/span><\/strong><\/p>\n\n\n\n<p><strong>3. Concentrer le r\u00f4le des pouvoirs publics sur les fonctions essentielles<\/strong><\/p>\n\n\n\n<p>Aujourd\u2019hui, les pouvoirs publics sont dispers\u00e9s sur beaucoup trop de comp\u00e9tences. Les fonctions de l\u2019\u00c9tat (y compris aux \u00e9chelons inf\u00e9rieurs) doivent \u00eatre concentr\u00e9es sur les mati\u00e8res essentielles afin de pouvoir y consacrer un maximum de moyens et de ressources.<\/p>\n\n\n\n<p>Faire un tri entre ce qui est du ressort de l\u2019Etat&nbsp; et ce qui ne l\u2019est pas est un processus sensible. Mais il nous semble indispensable si nous voulons mobiliser nos ressources sur des enjeux soci\u00e9taux vitaux au lieu de saupoudrer inefficacement nos moyens sur une multitude d\u2019objectifs secondaires que, par ailleurs, nous ne parvenons de toute mani\u00e8re plus \u00e0 atteindre.<\/p>\n\n\n\n<p class=\"has-text-align-center\"><strong><span class=\"has-inline-color has-vivid-red-color\">Signez le manifeste ici : <a href=\"https:\/\/www.change.org\/resetbelgium\" target=\"_blank\" rel=\"noreferrer noopener\">https:\/\/www.change.org\/resetbelgium<\/a><\/span><\/strong><\/p>\n\n\n\n<p><strong>4. Responsabiliser et limiter les mandats publics<\/strong><\/p>\n\n\n\n<p>Les gestionnaires d&#8217;entreprises ou d&#8217;associations peuvent voir leur responsabilit\u00e9 financi\u00e8re engag\u00e9e en pr\u00e9sence d&#8217;une faute lourde. Il est interpellant de constater que le seul mandataire public portant une telle responsabilit\u00e9 est le receveur communal. Nous plaidons pour que les responsables politiques, quel que soit le niveau de pouvoir concern\u00e9, endossent la m\u00eame responsabilit\u00e9.<\/p>\n\n\n\n<p>Le mod\u00e8le actuel de formation de gouvernement est \u00e9galement d\u00e9faillant. Nous proposons que l\u2019ensemble des \u00e9lus des chambres concern\u00e9es ne soient pas r\u00e9mun\u00e9r\u00e9s tant qu\u2019un gouvernement de plein exercice n\u2019a pas pris ses fonctions<\/p>\n\n\n\n<p>La succession des mandats publics et para-publics engendre des carri\u00e8res compl\u00e8tes en politique. Les d\u00e9rives de ce syst\u00e8me auto-entretenu ne sont plus \u00e0 d\u00e9montrer. Nous appuyons la proposition de limiter le nombre de mandats en nombre et en dur\u00e9e. Cela vaudrait pour les toutes les institutions o\u00f9 la puissance publique est repr\u00e9sent\u00e9e (intercommunales, agences locales, invests, entreprises publiques\u2026), en plus des fonctions politiques pures.<\/p>\n\n\n\n<p class=\"has-text-align-center\"><strong><span class=\"has-inline-color has-vivid-red-color\">Signez le manifeste ici : <a href=\"https:\/\/www.change.org\/resetbelgium\" target=\"_blank\" rel=\"noreferrer noopener\">https:\/\/www.change.org\/resetbelgium<\/a><\/span><\/strong><\/p>\n\n\n\n<p><strong>5. Rendre les services publics autonomes et efficaces<\/strong><\/p>\n\n\n\n<p>Les interactions avec les services publics sont souvent source de frustration pour les citoyens. Les administrations exigent en effet qu\u2019ils s\u2019adaptent \u00e0 leur mode de fonctionnement plut\u00f4t que de se mettre \u00e0 leur service.&nbsp;<\/p>\n\n\n\n<p>Nous demandons de donner aux services publics l\u2019autonomie et les moyens de s\u2019organiser afin de fournir les meilleurs services possibles aux citoyens et aux entreprises.&nbsp; Cela passe par une digitalisation qui prend en compte les besoins des utilisateurs, mais aussi par une r\u00e9duction des contraintes administratives impos\u00e9es aux agents.&nbsp;&nbsp;<\/p>\n\n\n\n<p class=\"has-text-align-center\"><strong><span class=\"has-inline-color has-vivid-red-color\">Signez le manifeste ici : <a href=\"https:\/\/www.change.org\/resetbelgium\" target=\"_blank\" rel=\"noreferrer noopener\">https:\/\/www.change.org\/resetbelgium<\/a><\/span><\/strong><\/p>\n\n\n\n<p><strong>6. Diminuer le nombre de d\u00e9cideurs pour de meilleures d\u00e9cisions<\/strong><\/p>\n\n\n\n<p>Notre pays compte trop de d\u00e9cideurs aux diff\u00e9rents niveaux de pouvoir par rapport \u00e0 sa taille et \u00e0&nbsp; sa population. Cela conduit \u00e0 une situation de n\u00e9gociation permanente pour faire coexister les diff\u00e9rents projets, priorit\u00e9s et \u00e9gos. Le r\u00e9sultat est un gaspillage de ressources pour pr\u00e9parer, n\u00e9gocier et communiquer les d\u00e9cisions.&nbsp;<\/p>\n\n\n\n<p>Nous demandons de ramener le nombre de d\u00e9cideurs au niveau de celui de pays&nbsp; comparables au n\u00f4tre, afin de r\u00e9orienter les moyens consacr\u00e9s \u00e0 la prise de d\u00e9cision vers la mise en \u0153uvre concr\u00e8te et rapide de ces d\u00e9cisions.&nbsp;&nbsp;<\/p>\n\n\n\n<p class=\"has-text-align-center\"><strong><span class=\"has-inline-color has-vivid-red-color\">Signez le manifeste ici : <a href=\"https:\/\/www.change.org\/resetbelgium\" target=\"_blank\" rel=\"noreferrer noopener\">https:\/\/www.change.org\/resetbelgium<\/a><\/span><\/strong><\/p>\n\n\n\n<p><strong>Notre appel<\/strong><\/p>\n\n\n\n<p>Ces six \u00e9l\u00e9ments repr\u00e9sentent le socle commun de #ResetBelgium, un projet que nous souhaitons d\u00e9fendre vis-\u00e0-vis de nos politiques. Ce socle est volontairement restreint mais il permettra, selon nous, de s\u2019attaquer au c\u0153ur du probl\u00e8me.&nbsp;<\/p>\n\n\n\n<p>Nous souhaitons que cette initiative soit soutenue par le plus grand nombre de citoyens, afin d\u2019amener nos politiques, quelle que soit leur orientation, \u00e0 r\u00e9aliser qu\u2019il existe au sein de la soci\u00e9t\u00e9 une volont\u00e9 claire de voir nos \u00e9lus porter ces r\u00e9formes au coeur des discussions qui s\u2019engageront en vue des prochaines \u00e9lections de 2024.<\/p>\n\n\n\n<p>Nous invitons donc chaque citoyen qui se sent concern\u00e9 par l\u2019avenir de notre pays \u00e0 signer ce manifeste afin de contribuer au signal fort que nous souhaitons faire entendre \u00e0 tous les niveaux de pouvoir.&nbsp;<\/p>\n\n\n\n<p class=\"has-text-align-center\"><strong><span class=\"has-inline-color has-vivid-red-color\">Signez le manifeste ici : <a href=\"https:\/\/www.change.org\/resetbelgium\" target=\"_blank\" rel=\"noreferrer noopener\">https:\/\/www.change.org\/resetbelgium<\/a><\/span><\/strong><\/p>\n\n\n\n<p>#ResetBelgium<\/p>\n","protected":false},"excerpt":{"rendered":"<p>Pr\u00e9ambule La gestion de la pand\u00e9mie en Belgique est une telle catastrophe que personne ne peut rester indiff\u00e9rent. Cet immense \u00e9chec est d\u00fb \u00e0 un appareil \u00e9tatique d\u00e9faillant, incapable de remplir correctement son r\u00f4le quel que soit le niveau de pouvoir.&nbsp; Signez le manifeste ici : https:\/\/www.change.org\/resetbelgium #ResetBelgium #ResetBelgium est un mouvement apolitique et ouvert [&hellip;]<\/p>\n","protected":false},"author":1,"featured_media":0,"parent":0,"menu_order":0,"comment_status":"closed","ping_status":"closed","template":"","meta":[],"_links":{"self":[{"href":"https:\/\/resetbelgium.com\/index.php\/wp-json\/wp\/v2\/pages\/5"}],"collection":[{"href":"https:\/\/resetbelgium.com\/index.php\/wp-json\/wp\/v2\/pages"}],"about":[{"href":"https:\/\/resetbelgium.com\/index.php\/wp-json\/wp\/v2\/types\/page"}],"author":[{"embeddable":true,"href":"https:\/\/resetbelgium.com\/index.php\/wp-json\/wp\/v2\/users\/1"}],"replies":[{"embeddable":true,"href":"https:\/\/resetbelgium.com\/index.php\/wp-json\/wp\/v2\/comments?post=5"}],"version-history":[{"count":8,"href":"https:\/\/resetbelgium.com\/index.php\/wp-json\/wp\/v2\/pages\/5\/revisions"}],"predecessor-version":[{"id":73,"href":"https:\/\/resetbelgium.com\/index.php\/wp-json\/wp\/v2\/pages\/5\/revisions\/73"}],"wp:attachment":[{"href":"https:\/\/resetbelgium.com\/index.php\/wp-json\/wp\/v2\/media?parent=5"}],"curies":[{"name":"wp","href":"https:\/\/api.w.org\/{rel}","templated":true}]}}